{"id":287,"date":"2024-05-25T10:12:06","date_gmt":"2024-05-25T10:12:06","guid":{"rendered":"http:\/\/fortem.com.tr\/?post_type=product&#038;p=287"},"modified":"2026-01-12T11:36:17","modified_gmt":"2026-01-12T11:36:17","slug":"287","status":"publish","type":"product","link":"https:\/\/fortem.com.tr\/index.php\/urun\/287\/","title":{"rendered":"Yumurta Zar\u0131 Akg\u00fcnl\u00fck ve Bamya Tohumu \u0130\u00e7eren Takviye Edici G\u0131da"},"content":{"rendered":"<p style=\"font-weight: 400;\" data-tab-index=\"1\">\u00dcr\u00fcn Bilgisi<\/p>\n<p>5 bitkinin bile\u015feni ile k\u0131k\u0131rdak yap\u0131 ve eklemler i\u00e7in zenginle\u015ftirilmi\u015f, yenilik\u00e7i form\u00fclasyonu ile kolojen deste\u011fi sunar.<\/p>\n<p><b><strong>\u0130\u00e7indekiler<\/strong><\/b><\/p>\n<ul>\n<li>Yumurta Zar\u0131,<\/li>\n<li>Akg\u00fcnl\u00fck Ekstresi,c<\/li>\n<li>Bamya Tohumu Ekstresi,<\/li>\n<li>MSM\u00a0,<\/li>\n<li>\u015eeytan Pen\u00e7esi Ektresi<\/li>\n<\/ul>\n<p><b><strong><br \/>\n<\/strong><\/b><b><strong>Tavsiye Edilen Kullan\u0131m<\/strong><\/b><\/p>\n<p>11 ya\u015f ve \u00fczeri yeti\u015fkinler i\u00e7in g\u00fcnde 2 tablet t\u00fcketilmesi tavsiye edilmektedir. 90 kg ve \u00fcst\u00fc\u00a0 g\u00fcnde 3 tablet kullanabilir.<\/p>\n<p>Net Miktar 60 Tablet (750 mg x60)<\/p>\n<p>Takviye Edici G\u0131da Onay No: 006497 &#8211; 08.10.2019<\/p>\n<p>\u00dcr\u00fcnlerimiz ila\u00e7 de\u011fil; bitkisel takviye niteli\u011findedir.<\/p>\n","protected":false},"excerpt":{"rendered":"<p>\u00dcr\u00fcn Bilgisi 5 bitkinin bile\u015feni ile k\u0131k\u0131rdak yap\u0131 ve eklemler i\u00e7in zenginle\u015ftirilmi\u015f, yenilik\u00e7i form\u00fclasyonu ile kolojen deste\u011fi sunar. \u0130\u00e7indekiler Yumurta Zar\u0131, Akg\u00fcnl\u00fck Ekstresi,c Bamya Tohumu Ekstresi,<span class=\"excerpt-hellip\"> [\u2026]<\/span><\/p>\n","protected":false},"featured_media":288,"template":"","meta":[],"product_brand":[],"product_cat":[75],"product_tag":[],"class_list":{"0":"post-287","1":"product","2":"type-product","3":"status-publish","4":"has-post-thumbnail","6":"product_cat-gidatakviyeleri","8":"first","9":"instock","10":"sale","11":"shipping-taxable","12":"purchasable","13":"product-type-simple"},"_links":{"self":[{"href":"https:\/\/fortem.com.tr\/index.php\/wp-json\/wp\/v2\/product\/287","targetHints":{"allow":["GET"]}}],"collection":[{"href":"https:\/\/fortem.com.tr\/index.php\/wp-json\/wp\/v2\/product"}],"about":[{"href":"https:\/\/fortem.com.tr\/index.php\/wp-json\/wp\/v2\/types\/product"}],"version-history":[{"count":2,"href":"https:\/\/fortem.com.tr\/index.php\/wp-json\/wp\/v2\/product\/287\/revisions"}],"predecessor-version":[{"id":320,"href":"https:\/\/fortem.com.tr\/index.php\/wp-json\/wp\/v2\/product\/287\/revisions\/320"}],"wp:featuredmedia":[{"embeddable":true,"href":"https:\/\/fortem.com.tr\/index.php\/wp-json\/wp\/v2\/media\/288"}],"wp:attachment":[{"href":"https:\/\/fortem.com.tr\/index.php\/wp-json\/wp\/v2\/media?parent=287"}],"wp:term":[{"taxonomy":"product_brand","embeddable":true,"href":"https:\/\/fortem.com.tr\/index.php\/wp-json\/wp\/v2\/product_brand?post=287"},{"taxonomy":"product_cat","embeddable":true,"href":"https:\/\/fortem.com.tr\/index.php\/wp-json\/wp\/v2\/product_cat?post=287"},{"taxonomy":"product_tag","embeddable":true,"href":"https:\/\/fortem.com.tr\/index.php\/wp-json\/wp\/v2\/product_tag?post=287"}],"curies":[{"name":"wp","href":"https:\/\/api.w.org\/{rel}","templated":true}]}}