{"id":450,"date":"2024-07-11T08:35:38","date_gmt":"2024-07-11T08:35:38","guid":{"rendered":"https:\/\/fortem.com.tr\/?post_type=product&#038;p=450"},"modified":"2026-01-12T11:33:56","modified_gmt":"2026-01-12T11:33:56","slug":"prostiva-prostat-karsiti-takviye-edici-gida","status":"publish","type":"product","link":"http:\/\/fortem.com.tr\/index.php\/urun\/prostiva-prostat-karsiti-takviye-edici-gida\/","title":{"rendered":"Prostiva Prostat Kar\u015f\u0131t\u0131 Takviye Edici G\u0131da"},"content":{"rendered":"<p>Prostiva;<\/p>\n<p>Prostat Sa\u011fl\u0131\u011f\u0131n\u0131z \u0130\u00e7in G\u00fcvenilir ve Do\u011fal Bir Destek:<\/p>\n<p>G\u00fcnl\u00fck rutininizde kolayca kullanabilece\u011finiz bu tablet. Prostat sorunlar\u0131yla ba\u015f etmeye yard\u0131mc\u0131 olurken, ayn\u0131 zamanda genel idrar yolu sa\u011fl\u0131\u011f\u0131n\u0131 da destekler.<\/p>\n<p>\u0130\u00c7\u0130NDEK\u0130LER: C\u00fcce Palmiye Ekstresi(Saw Palmetto Extract), Bal Kaba\u011f\u0131 \u00c7ekirde\u011fi Ekstresi(Pumpkin Seed \u00a0Extract), Pygeum Ekstresi(Pygeum Extract), Is\u0131rgan Ektresi(Nettle Exctract), Keten tohumu Ekstresi(Flaxseed Exctract), \u00c7inko(Zinc), Likopen(Lycopene), Vitami B6, Selenyum(Selenium)<\/p>\n","protected":false},"excerpt":{"rendered":"<p>Prostiva; Prostat Sa\u011fl\u0131\u011f\u0131n\u0131z \u0130\u00e7in G\u00fcvenilir ve Do\u011fal Bir Destek: G\u00fcnl\u00fck rutininizde kolayca kullanabilece\u011finiz bu tablet. Prostat sorunlar\u0131yla ba\u015f etmeye yard\u0131mc\u0131 olurken, ayn\u0131 zamanda genel idrar yolu<span class=\"excerpt-hellip\"> [\u2026]<\/span><\/p>\n","protected":false},"featured_media":451,"template":"","meta":[],"product_brand":[],"product_cat":[75],"product_tag":[],"class_list":{"0":"post-450","1":"product","2":"type-product","3":"status-publish","4":"has-post-thumbnail","6":"product_cat-gidatakviyeleri","8":"first","9":"instock","10":"sale","11":"shipping-taxable","12":"purchasable","13":"product-type-simple"},"_links":{"self":[{"href":"http:\/\/fortem.com.tr\/index.php\/wp-json\/wp\/v2\/product\/450","targetHints":{"allow":["GET"]}}],"collection":[{"href":"http:\/\/fortem.com.tr\/index.php\/wp-json\/wp\/v2\/product"}],"about":[{"href":"http:\/\/fortem.com.tr\/index.php\/wp-json\/wp\/v2\/types\/product"}],"version-history":[{"count":1,"href":"http:\/\/fortem.com.tr\/index.php\/wp-json\/wp\/v2\/product\/450\/revisions"}],"predecessor-version":[{"id":452,"href":"http:\/\/fortem.com.tr\/index.php\/wp-json\/wp\/v2\/product\/450\/revisions\/452"}],"wp:featuredmedia":[{"embeddable":true,"href":"http:\/\/fortem.com.tr\/index.php\/wp-json\/wp\/v2\/media\/451"}],"wp:attachment":[{"href":"http:\/\/fortem.com.tr\/index.php\/wp-json\/wp\/v2\/media?parent=450"}],"wp:term":[{"taxonomy":"product_brand","embeddable":true,"href":"http:\/\/fortem.com.tr\/index.php\/wp-json\/wp\/v2\/product_brand?post=450"},{"taxonomy":"product_cat","embeddable":true,"href":"http:\/\/fortem.com.tr\/index.php\/wp-json\/wp\/v2\/product_cat?post=450"},{"taxonomy":"product_tag","embeddable":true,"href":"http:\/\/fortem.com.tr\/index.php\/wp-json\/wp\/v2\/product_tag?post=450"}],"curies":[{"name":"wp","href":"https:\/\/api.w.org\/{rel}","templated":true}]}}