{"id":358,"date":"2024-05-25T16:09:35","date_gmt":"2024-05-25T16:09:35","guid":{"rendered":"http:\/\/fortem.com.tr\/?post_type=product&#038;p=358"},"modified":"2026-01-12T11:34:15","modified_gmt":"2026-01-12T11:34:15","slug":"fortem-anti-aging-orumcek-agi-kremiyaslanma-karsiti","status":"publish","type":"product","link":"http:\/\/fortem.com.tr\/index.php\/urun\/fortem-anti-aging-orumcek-agi-kremiyaslanma-karsiti\/","title":{"rendered":"Fortem Anti Aging \u00d6r\u00fcmcek A\u011f\u0131 Kremi(Ya\u015flanma Kar\u015f\u0131t\u0131)"},"content":{"rendered":"<div class=\" active\" data-tab-index=\"1\"><a>\u00dcr\u00fcn Bilgisi<\/a><\/div>\n<div class=\"active\" data-tab-content=\"1\">\n<div class=\"product-detail\"><strong>Fortem Anti Aging \u00d6r\u00fcmcek A\u011f\u0131 Kremi:<\/strong>\u00a0Gen\u00e7lik I\u015f\u0131lt\u0131n\u0131z\u0131 Yeniden Ke\u015ffedin!<\/p>\n<div>Sa\u011fl\u0131kl\u0131, gen\u00e7 ve canl\u0131 bir cilde sahip olmak art\u0131k daha eri\u015filebilir hale geliyor! Fortem Anti Aging \u00d6r\u00fcmcek A\u011f\u0131 Kremi, \u00f6zenle se\u00e7ilmi\u015f do\u011fal bile\u015fenlerle zenginle\u015ftirilmi\u015f, yenileyici ve etkili bir cilt bak\u0131m \u00fcr\u00fcn\u00fcd\u00fcr. Geli\u015fmi\u015f form\u00fcl\u00fc ile cildinizdeki ya\u015flanma belirtileriyle sava\u015f\u0131rken, gen\u00e7lik dolu bir \u0131\u015f\u0131lt\u0131ya kavu\u015fman\u0131za yard\u0131mc\u0131 olur.<\/div>\n<div><\/div>\n<div>Ana \u0130\u00e7erikler:<\/div>\n<div><\/div>\n<div><strong>\u00dcz\u00fcm \u00c7ekirde\u011fi Ya\u011f\u0131:<\/strong>\u00a0Antioksidan bak\u0131m\u0131ndan zengin \u00fcz\u00fcm \u00e7ekirde\u011fi ya\u011f\u0131, cildi serbest radikallerin zararl\u0131 etkilerine kar\u015f\u0131 korurken, nemlendirir ve cildin elastikiyetini art\u0131r\u0131r.<\/div>\n<div><\/div>\n<div><strong>\u00d6lmez \u00c7i\u00e7ek Ya\u011f\u0131:<\/strong>\u00a0Cildinizi besleyen ve onar\u0131c\u0131 etkisiyle bilinen \u00f6lmez \u00e7i\u00e7ek ya\u011f\u0131, ya\u015flanma belirtileriyle m\u00fccadele ederken cildinizin yenilenmesini destekler.<\/div>\n<div><\/div>\n<div><strong>Ku\u015fburnu \u00c7ekirde\u011fi Ya\u011f\u0131:<\/strong>\u00a0Cilt h\u00fccrelerinin yenilenmesini te\u015fvik eden ku\u015fburnu \u00e7ekirde\u011fi ya\u011f\u0131, cildin daha sa\u011fl\u0131kl\u0131 ve gen\u00e7 g\u00f6r\u00fcnmesine yard\u0131mc\u0131 olur.<\/div>\n<div><\/div>\n<div><strong>Matrixyl 3000:\u00a0<\/strong>Kollajen \u00fcretimini art\u0131ran ve k\u0131r\u0131\u015f\u0131kl\u0131klar\u0131n azalmas\u0131na yard\u0131mc\u0131 olan Matrixyl 3000, cildinizin daha s\u0131k\u0131 ve gen\u00e7 g\u00f6r\u00fcnmesine destek olur.<\/div>\n<div><\/div>\n<div><strong>Eyeliss ve Vitamin B3:<\/strong>\u00a0G\u00f6z \u00e7evresindeki hassas cilt i\u00e7in \u00f6zel olarak form\u00fcle edilmi\u015f olan Eyeliss ve cilt bariyerini g\u00fc\u00e7lendiren Vitamin B3, g\u00f6z \u00e7evresindeki koyu halkalar\u0131 azalt\u0131r ve g\u00f6z \u00e7evresini nemlendirir.<\/div>\n<div><\/div>\n<div><strong>Neden Fortem Anti Aging \u00d6r\u00fcmcek A\u011f\u0131 Kremi?<\/strong><\/div>\n<div><\/div>\n<div><strong>Do\u011fal ve G\u00fcvenilir:<\/strong>\u00a0Sadece en kaliteli ve do\u011fal i\u00e7eriklerle form\u00fcle edilmi\u015ftir.<\/div>\n<div>Etkili Sonu\u00e7lar: Geli\u015fmi\u015f form\u00fcl\u00fc sayesinde k\u0131sa s\u00fcrede g\u00f6zle g\u00f6r\u00fcl\u00fcr sonu\u00e7lar sa\u011flar.<\/div>\n<div><strong>\u00c7ok Y\u00f6nl\u00fc Kullan\u0131m:<\/strong>\u00a0Y\u00fcz, boyun ve dekolte b\u00f6lgesi gibi bir\u00e7ok farkl\u0131 b\u00f6lgede kullan\u0131labilir.<\/div>\n<div><strong>Yo\u011fun Nemlendirme:\u00a0<\/strong>Cildinizi derinlemesine nemlendirir ve kuruluk belirtilerini azalt\u0131r.<\/div>\n<div><strong>Fortem Anti Aging \u00d6r\u00fcmcek A\u011f\u0131 Kremi ile cildinizin gen\u00e7lik dolu \u0131\u015f\u0131lt\u0131s\u0131n\u0131 geri kazan\u0131n. Gen\u00e7 ve sa\u011fl\u0131kl\u0131 bir cilt i\u00e7in ad\u0131m at\u0131n, her ya\u015fta g\u00fczelli\u011fin tad\u0131n\u0131 \u00e7\u0131kar\u0131n!<\/strong><\/div>\n<\/div>\n<\/div>\n","protected":false},"excerpt":{"rendered":"<p>\u00dcr\u00fcn Bilgisi Fortem Anti Aging \u00d6r\u00fcmcek A\u011f\u0131 Kremi:\u00a0Gen\u00e7lik I\u015f\u0131lt\u0131n\u0131z\u0131 Yeniden Ke\u015ffedin! Sa\u011fl\u0131kl\u0131, gen\u00e7 ve canl\u0131 bir cilde sahip olmak art\u0131k daha eri\u015filebilir hale geliyor! Fortem Anti<span class=\"excerpt-hellip\"> [\u2026]<\/span><\/p>\n","protected":false},"featured_media":359,"template":"","meta":[],"product_brand":[],"product_cat":[80],"product_tag":[],"class_list":{"0":"post-358","1":"product","2":"type-product","3":"status-publish","4":"has-post-thumbnail","6":"product_cat-ciltbakimurunleri","8":"first","9":"instock","10":"sale","11":"shipping-taxable","12":"purchasable","13":"product-type-simple"},"_links":{"self":[{"href":"http:\/\/fortem.com.tr\/index.php\/wp-json\/wp\/v2\/product\/358","targetHints":{"allow":["GET"]}}],"collection":[{"href":"http:\/\/fortem.com.tr\/index.php\/wp-json\/wp\/v2\/product"}],"about":[{"href":"http:\/\/fortem.com.tr\/index.php\/wp-json\/wp\/v2\/types\/product"}],"version-history":[{"count":1,"href":"http:\/\/fortem.com.tr\/index.php\/wp-json\/wp\/v2\/product\/358\/revisions"}],"predecessor-version":[{"id":365,"href":"http:\/\/fortem.com.tr\/index.php\/wp-json\/wp\/v2\/product\/358\/revisions\/365"}],"wp:featuredmedia":[{"embeddable":true,"href":"http:\/\/fortem.com.tr\/index.php\/wp-json\/wp\/v2\/media\/359"}],"wp:attachment":[{"href":"http:\/\/fortem.com.tr\/index.php\/wp-json\/wp\/v2\/media?parent=358"}],"wp:term":[{"taxonomy":"product_brand","embeddable":true,"href":"http:\/\/fortem.com.tr\/index.php\/wp-json\/wp\/v2\/product_brand?post=358"},{"taxonomy":"product_cat","embeddable":true,"href":"http:\/\/fortem.com.tr\/index.php\/wp-json\/wp\/v2\/product_cat?post=358"},{"taxonomy":"product_tag","embeddable":true,"href":"http:\/\/fortem.com.tr\/index.php\/wp-json\/wp\/v2\/product_tag?post=358"}],"curies":[{"name":"wp","href":"https:\/\/api.w.org\/{rel}","templated":true}]}}