{"id":355,"date":"2024-05-25T16:07:52","date_gmt":"2024-05-25T16:07:52","guid":{"rendered":"http:\/\/fortem.com.tr\/?post_type=product&#038;p=355"},"modified":"2024-05-25T16:07:53","modified_gmt":"2024-05-25T16:07:53","slug":"erkek-sac-bakim-sabunu-dokulme-karsiti-sac-sabunu-2","status":"publish","type":"product","link":"http:\/\/fortem.com.tr\/index.php\/urun\/erkek-sac-bakim-sabunu-dokulme-karsiti-sac-sabunu-2\/","title":{"rendered":"Erkek Sa\u00e7 Bak\u0131m Sabunu ( D\u00f6k\u00fclme Kar\u015f\u0131t\u0131 Sa\u00e7 Sabunu )"},"content":{"rendered":"<p style=\"font-weight: 400;\" data-tab-index=\"1\">\u00dcr\u00fcn Bilgisi<\/p>\n<p>Beylerin sa\u00e7lar\u0131da bak\u0131m ister. Sa\u00e7 bak\u0131m\u0131nda d\u0131\u015f beslenme ve do\u011fru temizlik \u00e7ok \u00f6nemlidir.<b><strong><\/p>\n<p>\u0130\u00e7indekiler<br \/>\n<\/strong><\/b><\/p>\n<ul>\n<li>K\u00fcl Suyu<\/li>\n<li>B\u0131tt\u0131m Ya\u011f\u0131<\/li>\n<li>Is\u0131rgan Ya\u011f\u0131<\/li>\n<li>ZeytinYa\u011f\u0131<\/li>\n<li>Sar\u0131msak Ya\u011f\u0131<\/li>\n<li>Defne Ya\u011f\u0131<\/li>\n<li>\u00c7am Yapra\u011f\u0131 Ya\u011f\u0131<\/li>\n<li>Kafein<\/li>\n<li>Biotin<\/li>\n<li>Keratin<\/li>\n<li>\u00c7inko<\/li>\n<li>E Vitamini<\/li>\n<\/ul>\n<p>Sa\u00e7 bak\u0131m\u0131n\u0131n en \u00f6nemli a\u015famalar\u0131ndan biri do\u011fru \u00fcr\u00fcnlerle sa\u00e7 k\u00f6klerinin temizlenerek beslenmesidir. Erkek Sa\u00e7 Bak\u0131m Sabunu,\u00a0 sa\u00e7 k\u00f6klerini zararl\u0131 toksik maddelerden temizlerken, sa\u00e7 diplerine uygulanan masaj da kan dola\u015f\u0131m\u0131n\u0131 h\u0131zland\u0131rarak, muhtevas\u0131ndaki besleyici bile\u015fenlerle de\u00a0 sa\u00e7lar\u0131 canland\u0131rmaya yard\u0131mc\u0131 olur.<\/p>\n<p><b>Tavsiye Edilen Kullan\u0131m<\/p>\n<p><\/b>Sabunu iyi k\u00f6p\u00fcrterek parmak u\u00e7lar\u0131n\u0131zla sa\u00e7 diplerinize uzun uzun masaj yap\u0131n\u0131z. Sonra sabun temizlenene kadar suyla g\u00fczelce durulay\u0131n\u0131z.<\/p>\n<p>Natural 125 Gr.<\/p>\n","protected":false},"excerpt":{"rendered":"<p>\u00dcr\u00fcn Bilgisi Beylerin sa\u00e7lar\u0131da bak\u0131m ister. Sa\u00e7 bak\u0131m\u0131nda d\u0131\u015f beslenme ve do\u011fru temizlik \u00e7ok \u00f6nemlidir. \u0130\u00e7indekiler K\u00fcl Suyu B\u0131tt\u0131m Ya\u011f\u0131 Is\u0131rgan Ya\u011f\u0131 ZeytinYa\u011f\u0131 Sar\u0131msak Ya\u011f\u0131 Defne<span class=\"excerpt-hellip\"> [\u2026]<\/span><\/p>\n","protected":false},"featured_media":356,"template":"","meta":[],"product_brand":[],"product_cat":[80],"product_tag":[],"class_list":{"0":"post-355","1":"product","2":"type-product","3":"status-publish","4":"has-post-thumbnail","6":"product_cat-ciltbakimurunleri","8":"first","9":"instock","10":"sale","11":"shipping-taxable","12":"purchasable","13":"product-type-simple"},"_links":{"self":[{"href":"http:\/\/fortem.com.tr\/index.php\/wp-json\/wp\/v2\/product\/355","targetHints":{"allow":["GET"]}}],"collection":[{"href":"http:\/\/fortem.com.tr\/index.php\/wp-json\/wp\/v2\/product"}],"about":[{"href":"http:\/\/fortem.com.tr\/index.php\/wp-json\/wp\/v2\/types\/product"}],"version-history":[{"count":1,"href":"http:\/\/fortem.com.tr\/index.php\/wp-json\/wp\/v2\/product\/355\/revisions"}],"predecessor-version":[{"id":357,"href":"http:\/\/fortem.com.tr\/index.php\/wp-json\/wp\/v2\/product\/355\/revisions\/357"}],"wp:featuredmedia":[{"embeddable":true,"href":"http:\/\/fortem.com.tr\/index.php\/wp-json\/wp\/v2\/media\/356"}],"wp:attachment":[{"href":"http:\/\/fortem.com.tr\/index.php\/wp-json\/wp\/v2\/media?parent=355"}],"wp:term":[{"taxonomy":"product_brand","embeddable":true,"href":"http:\/\/fortem.com.tr\/index.php\/wp-json\/wp\/v2\/product_brand?post=355"},{"taxonomy":"product_cat","embeddable":true,"href":"http:\/\/fortem.com.tr\/index.php\/wp-json\/wp\/v2\/product_cat?post=355"},{"taxonomy":"product_tag","embeddable":true,"href":"http:\/\/fortem.com.tr\/index.php\/wp-json\/wp\/v2\/product_tag?post=355"}],"curies":[{"name":"wp","href":"https:\/\/api.w.org\/{rel}","templated":true}]}}