{"id":352,"date":"2024-05-25T16:07:09","date_gmt":"2024-05-25T16:07:09","guid":{"rendered":"http:\/\/fortem.com.tr\/?post_type=product&#038;p=352"},"modified":"2024-05-25T16:07:09","modified_gmt":"2024-05-25T16:07:09","slug":"s-serisi-yuz-ve-vucut-bakim-sabunu-sivilce-karsiti","status":"publish","type":"product","link":"http:\/\/fortem.com.tr\/index.php\/urun\/s-serisi-yuz-ve-vucut-bakim-sabunu-sivilce-karsiti\/","title":{"rendered":"S Serisi Y\u00fcz ve V\u00fccut Bak\u0131m Sabunu ( Sivilce Kar\u015f\u0131t\u0131 )"},"content":{"rendered":"<p style=\"font-weight: 400;\" data-tab-index=\"1\">\u00dcr\u00fcn Bilgisi<\/p>\n<p>Sivilceleri dert etmeyin. \u0130yi ya\u015fama do\u011fal destek ile hayat kalitenizi y\u00fckseltin.<b><strong><\/p>\n<p>\u0130\u00e7indekiler<br \/>\n<\/strong><\/b><\/p>\n<ul>\n<li>K\u00fcl Suyu<\/li>\n<li>K\u00fck\u00fcrt<\/li>\n<li>Tar\u00e7\u0131n Ya\u011f\u0131<\/li>\n<li>Limon Ya\u011f\u0131<\/li>\n<li>ZeytinYa\u011f\u0131<\/li>\n<li>Yosun Ekstrat\u0131<\/li>\n<li>Salisilik Asit<\/li>\n<li>B3 Vitamini<\/li>\n<li>Zinc PCA<\/li>\n<li>Glikolik Asit<\/li>\n<\/ul>\n<p><b><strong>Tavsiye Edilen Kullan\u0131m<\/strong><\/b><\/p>\n<p>Sivilceli veya ya\u011fl\u0131 olan b\u00f6lgeyi \u0131l\u0131k suyla nemlendirip sabunu\u00a0 dairesel hareketlerle\u00a0 iyice uygulay\u0131n\u0131z. Elinizle de 2 dakika ovalay\u0131p \u0131l\u0131k su ile durulay\u0131n\u0131z.<\/p>\n<p>Natural 125 Gr<\/p>\n","protected":false},"excerpt":{"rendered":"<p>\u00dcr\u00fcn Bilgisi Sivilceleri dert etmeyin. \u0130yi ya\u015fama do\u011fal destek ile hayat kalitenizi y\u00fckseltin. \u0130\u00e7indekiler K\u00fcl Suyu K\u00fck\u00fcrt Tar\u00e7\u0131n Ya\u011f\u0131 Limon Ya\u011f\u0131 ZeytinYa\u011f\u0131 Yosun Ekstrat\u0131 Salisilik Asit<span class=\"excerpt-hellip\"> [\u2026]<\/span><\/p>\n","protected":false},"featured_media":353,"template":"","meta":[],"product_brand":[],"product_cat":[80],"product_tag":[],"class_list":{"0":"post-352","1":"product","2":"type-product","3":"status-publish","4":"has-post-thumbnail","6":"product_cat-ciltbakimurunleri","8":"first","9":"instock","10":"sale","11":"shipping-taxable","12":"purchasable","13":"product-type-simple"},"_links":{"self":[{"href":"http:\/\/fortem.com.tr\/index.php\/wp-json\/wp\/v2\/product\/352","targetHints":{"allow":["GET"]}}],"collection":[{"href":"http:\/\/fortem.com.tr\/index.php\/wp-json\/wp\/v2\/product"}],"about":[{"href":"http:\/\/fortem.com.tr\/index.php\/wp-json\/wp\/v2\/types\/product"}],"version-history":[{"count":1,"href":"http:\/\/fortem.com.tr\/index.php\/wp-json\/wp\/v2\/product\/352\/revisions"}],"predecessor-version":[{"id":354,"href":"http:\/\/fortem.com.tr\/index.php\/wp-json\/wp\/v2\/product\/352\/revisions\/354"}],"wp:featuredmedia":[{"embeddable":true,"href":"http:\/\/fortem.com.tr\/index.php\/wp-json\/wp\/v2\/media\/353"}],"wp:attachment":[{"href":"http:\/\/fortem.com.tr\/index.php\/wp-json\/wp\/v2\/media?parent=352"}],"wp:term":[{"taxonomy":"product_brand","embeddable":true,"href":"http:\/\/fortem.com.tr\/index.php\/wp-json\/wp\/v2\/product_brand?post=352"},{"taxonomy":"product_cat","embeddable":true,"href":"http:\/\/fortem.com.tr\/index.php\/wp-json\/wp\/v2\/product_cat?post=352"},{"taxonomy":"product_tag","embeddable":true,"href":"http:\/\/fortem.com.tr\/index.php\/wp-json\/wp\/v2\/product_tag?post=352"}],"curies":[{"name":"wp","href":"https:\/\/api.w.org\/{rel}","templated":true}]}}