{"id":349,"date":"2024-05-25T16:06:32","date_gmt":"2024-05-25T16:06:32","guid":{"rendered":"http:\/\/fortem.com.tr\/?post_type=product&#038;p=349"},"modified":"2024-05-25T16:06:32","modified_gmt":"2024-05-25T16:06:32","slug":"l-serisi-yuz-ve-vucut-bakim-sabunu-leke-karsiti-0-puan-0-yorum","status":"publish","type":"product","link":"http:\/\/fortem.com.tr\/index.php\/urun\/l-serisi-yuz-ve-vucut-bakim-sabunu-leke-karsiti-0-puan-0-yorum\/","title":{"rendered":"L Serisi Y\u00fcz ve V\u00fccut Bak\u0131m Sabunu ( Leke Kar\u015f\u0131t\u0131 ) 0 puan &#8211; 0 yorum"},"content":{"rendered":"<p style=\"font-weight: 400;\" data-tab-index=\"1\">\u00dcr\u00fcn Bilgisi<\/p>\n<p>Vitamin ve mineralleri zengin sabunlarla, y\u00fcz ve v\u00fccudunuzdaki lekelerin hayat kalitenizi etkilemesine engel olabilirsiniz.<b><strong><\/p>\n<p>\u0130\u00e7indekiler<\/strong><\/b><\/p>\n<ul>\n<li>K\u00fcl Suyu<\/li>\n<li>E\u015fek S\u00fct\u00fc<\/li>\n<li>At Kestanesi<\/li>\n<li>Ru\u015fur Ta\u015f\u0131<\/li>\n<li>Ye\u015fil\u00e7ay<\/li>\n<li>Portakal Kabu\u011fu Ya\u011f\u0131<\/li>\n<li>Pirin\u00e7 Kepe\u011fi Ya\u011f\u0131<\/li>\n<li>Zeytin Ya\u011f\u0131<\/li>\n<li>Cad\u0131 F\u0131nd\u0131\u011f\u0131<\/li>\n<li>C Vitamini<\/li>\n<li>Vitamin B3<\/li>\n<li>Limon Kabu\u011fu Ekstrat\u0131<\/li>\n<li>E Vitamini<\/li>\n<li>Citric Acid<\/li>\n<li>Panthenol<\/li>\n<li>Tranexamic Acid<\/li>\n<li>Hyaluronic Acid<\/li>\n<\/ul>\n<p><b><strong>Tavsiye Edilen Kullan\u0131m<\/strong><\/b><\/p>\n<p>Sabunu \u0131l\u0131k su\u00a0 bolca k\u00f6p\u00fcrterek y\u00fcz ve v\u00fccudunuza dairesel ovma \u015feklinde\u00a0 2 dakika uygulay\u0131n. Bol ile durulay\u0131n. Lekeli olan b\u00f6lgelere iki defa tekrarla uygulayabilirsiniz.<\/p>\n<p>Natural 125 Gr<\/p>\n","protected":false},"excerpt":{"rendered":"<p>\u00dcr\u00fcn Bilgisi Vitamin ve mineralleri zengin sabunlarla, y\u00fcz ve v\u00fccudunuzdaki lekelerin hayat kalitenizi etkilemesine engel olabilirsiniz. \u0130\u00e7indekiler K\u00fcl Suyu E\u015fek S\u00fct\u00fc At Kestanesi Ru\u015fur Ta\u015f\u0131 Ye\u015fil\u00e7ay<span class=\"excerpt-hellip\"> [\u2026]<\/span><\/p>\n","protected":false},"featured_media":350,"template":"","meta":[],"product_brand":[],"product_cat":[80],"product_tag":[],"class_list":{"0":"post-349","1":"product","2":"type-product","3":"status-publish","4":"has-post-thumbnail","6":"product_cat-ciltbakimurunleri","8":"first","9":"instock","10":"sale","11":"shipping-taxable","12":"purchasable","13":"product-type-simple"},"_links":{"self":[{"href":"http:\/\/fortem.com.tr\/index.php\/wp-json\/wp\/v2\/product\/349","targetHints":{"allow":["GET"]}}],"collection":[{"href":"http:\/\/fortem.com.tr\/index.php\/wp-json\/wp\/v2\/product"}],"about":[{"href":"http:\/\/fortem.com.tr\/index.php\/wp-json\/wp\/v2\/types\/product"}],"version-history":[{"count":1,"href":"http:\/\/fortem.com.tr\/index.php\/wp-json\/wp\/v2\/product\/349\/revisions"}],"predecessor-version":[{"id":351,"href":"http:\/\/fortem.com.tr\/index.php\/wp-json\/wp\/v2\/product\/349\/revisions\/351"}],"wp:featuredmedia":[{"embeddable":true,"href":"http:\/\/fortem.com.tr\/index.php\/wp-json\/wp\/v2\/media\/350"}],"wp:attachment":[{"href":"http:\/\/fortem.com.tr\/index.php\/wp-json\/wp\/v2\/media?parent=349"}],"wp:term":[{"taxonomy":"product_brand","embeddable":true,"href":"http:\/\/fortem.com.tr\/index.php\/wp-json\/wp\/v2\/product_brand?post=349"},{"taxonomy":"product_cat","embeddable":true,"href":"http:\/\/fortem.com.tr\/index.php\/wp-json\/wp\/v2\/product_cat?post=349"},{"taxonomy":"product_tag","embeddable":true,"href":"http:\/\/fortem.com.tr\/index.php\/wp-json\/wp\/v2\/product_tag?post=349"}],"curies":[{"name":"wp","href":"https:\/\/api.w.org\/{rel}","templated":true}]}}