{"id":346,"date":"2024-05-25T16:05:45","date_gmt":"2024-05-25T16:05:45","guid":{"rendered":"http:\/\/fortem.com.tr\/?post_type=product&#038;p=346"},"modified":"2024-05-25T16:05:45","modified_gmt":"2024-05-25T16:05:45","slug":"es-serisi-yuz-vucut-ve-sac-bakim-sabunu-egzema-sedef-karsiti","status":"publish","type":"product","link":"http:\/\/fortem.com.tr\/index.php\/urun\/es-serisi-yuz-vucut-ve-sac-bakim-sabunu-egzema-sedef-karsiti\/","title":{"rendered":"ES Serisi Y\u00fcz V\u00fccut ve Sa\u00e7 Bak\u0131m Sabunu ( Egzema-Sedef Kar\u015f\u0131t\u0131 )"},"content":{"rendered":"<p style=\"font-weight: 400;\" data-tab-index=\"1\">\u00dcr\u00fcn Bilgisi<\/p>\n<p>Egzama ve sedefe kar\u015f\u0131 do\u011fal ve kaliteli destek<b><strong><\/p>\n<p>\u0130\u00e7indekiler<br \/>\n<\/strong><\/b><\/p>\n<ul>\n<li>K\u00fcl Suyu<\/li>\n<li>Squalene<\/li>\n<li>Ard\u0131\u00e7 Katran\u0131 Ya\u011f\u0131<\/li>\n<li>Ru\u015feym<\/li>\n<li>Hint Ya\u011f\u0131<\/li>\n<li>K\u0131rm\u0131z\u0131 Kantoron Ya\u011f\u0131<\/li>\n<li>Dut Ekstrat\u0131<\/li>\n<li>\u00c7\u00f6rek Otu Ya\u011f\u0131<\/li>\n<li>Magnezyum Ya\u011f\u0131<\/li>\n<li>Astaxanthin<\/li>\n<li>Ayn\u0131sefa Ya\u011f\u0131<\/li>\n<\/ul>\n<p><b><strong>Tavsiye Edilen Kullan\u0131m<\/strong><\/b><\/p>\n<p>V\u00fccudunuzun ba\u015f dahil tamam\u0131na uygulayabilece\u011finiz gibi sorunlu b\u00f6lgelerine de uygulayabilirsiniz. Il\u0131k su ile sabunu istenilen b\u00f6lgeye 3-5 dakika dairesel hareketlerle uygulay\u0131n\u0131z. Durulamadan \u00f6nce 1-2 dakika veya iste\u011fe g\u00f6re daha fazla \u00f6ylece bekleyip bol su ile durulay\u0131n\u0131z.<\/p>\n<p>Natural 125 Gr<\/p>\n","protected":false},"excerpt":{"rendered":"<p>\u00dcr\u00fcn Bilgisi Egzama ve sedefe kar\u015f\u0131 do\u011fal ve kaliteli destek \u0130\u00e7indekiler K\u00fcl Suyu Squalene Ard\u0131\u00e7 Katran\u0131 Ya\u011f\u0131 Ru\u015feym Hint Ya\u011f\u0131 K\u0131rm\u0131z\u0131 Kantoron Ya\u011f\u0131 Dut Ekstrat\u0131 \u00c7\u00f6rek<span class=\"excerpt-hellip\"> [\u2026]<\/span><\/p>\n","protected":false},"featured_media":347,"template":"","meta":[],"product_brand":[],"product_cat":[80],"product_tag":[],"class_list":{"0":"post-346","1":"product","2":"type-product","3":"status-publish","4":"has-post-thumbnail","6":"product_cat-ciltbakimurunleri","8":"first","9":"instock","10":"sale","11":"shipping-taxable","12":"purchasable","13":"product-type-simple"},"_links":{"self":[{"href":"http:\/\/fortem.com.tr\/index.php\/wp-json\/wp\/v2\/product\/346","targetHints":{"allow":["GET"]}}],"collection":[{"href":"http:\/\/fortem.com.tr\/index.php\/wp-json\/wp\/v2\/product"}],"about":[{"href":"http:\/\/fortem.com.tr\/index.php\/wp-json\/wp\/v2\/types\/product"}],"version-history":[{"count":1,"href":"http:\/\/fortem.com.tr\/index.php\/wp-json\/wp\/v2\/product\/346\/revisions"}],"predecessor-version":[{"id":348,"href":"http:\/\/fortem.com.tr\/index.php\/wp-json\/wp\/v2\/product\/346\/revisions\/348"}],"wp:featuredmedia":[{"embeddable":true,"href":"http:\/\/fortem.com.tr\/index.php\/wp-json\/wp\/v2\/media\/347"}],"wp:attachment":[{"href":"http:\/\/fortem.com.tr\/index.php\/wp-json\/wp\/v2\/media?parent=346"}],"wp:term":[{"taxonomy":"product_brand","embeddable":true,"href":"http:\/\/fortem.com.tr\/index.php\/wp-json\/wp\/v2\/product_brand?post=346"},{"taxonomy":"product_cat","embeddable":true,"href":"http:\/\/fortem.com.tr\/index.php\/wp-json\/wp\/v2\/product_cat?post=346"},{"taxonomy":"product_tag","embeddable":true,"href":"http:\/\/fortem.com.tr\/index.php\/wp-json\/wp\/v2\/product_tag?post=346"}],"curies":[{"name":"wp","href":"https:\/\/api.w.org\/{rel}","templated":true}]}}