{"id":343,"date":"2024-05-25T16:04:41","date_gmt":"2024-05-25T16:04:41","guid":{"rendered":"http:\/\/fortem.com.tr\/?post_type=product&#038;p=343"},"modified":"2024-05-25T16:04:41","modified_gmt":"2024-05-25T16:04:41","slug":"a-serisi-yuz-bakim-sabunu-akne-karsiti","status":"publish","type":"product","link":"http:\/\/fortem.com.tr\/index.php\/urun\/a-serisi-yuz-bakim-sabunu-akne-karsiti\/","title":{"rendered":"A Serisi Y\u00fcz Bak\u0131m Sabunu ( Akne Kar\u015f\u0131t\u0131 )"},"content":{"rendered":"<p style=\"font-weight: 400;\" data-tab-index=\"1\">\u00dcr\u00fcn Bilgisi<\/p>\n<p>Akne Kar\u015f\u0131t\u0131 Do\u011fal Sabun<\/p>\n<p><b><strong>\u0130\u00e7indekiler<\/strong><\/b><\/p>\n<ul>\n<li>K\u00fcl Suyu<\/li>\n<li>Pirin\u00e7 Kepe\u011fi<\/li>\n<li>Bal<\/li>\n<li>Kil<\/li>\n<li>\u00c7ay A\u011fac\u0131 Ya\u011f\u0131<\/li>\n<li>Nane Ya\u011f\u0131<\/li>\n<li>Benzoil Peroksit<\/li>\n<li>Zink Piriton<\/li>\n<li>Vitamin B3<\/li>\n<\/ul>\n<p><b><strong>Tavsiye Edilen Kullan\u0131m<br \/>\n<\/strong><\/b><\/p>\n<p>Il\u0131k su ile sabunu\u00a0 k\u00f6p\u00fcrterek uygulay\u0131n\u0131z. 2 dakika dairesel hareketlerle masaj yap\u0131n\u0131z. Il\u0131k suyla g\u00fczelce durulay\u0131n\u0131z.<\/p>\n<p>Natural\u00a0\u00a0125 Gr.<\/p>\n","protected":false},"excerpt":{"rendered":"<p>\u00dcr\u00fcn Bilgisi Akne Kar\u015f\u0131t\u0131 Do\u011fal Sabun \u0130\u00e7indekiler K\u00fcl Suyu Pirin\u00e7 Kepe\u011fi Bal Kil \u00c7ay A\u011fac\u0131 Ya\u011f\u0131 Nane Ya\u011f\u0131 Benzoil Peroksit Zink Piriton Vitamin B3 Tavsiye Edilen<span class=\"excerpt-hellip\"> [\u2026]<\/span><\/p>\n","protected":false},"featured_media":344,"template":"","meta":[],"product_brand":[],"product_cat":[80],"product_tag":[],"class_list":{"0":"post-343","1":"product","2":"type-product","3":"status-publish","4":"has-post-thumbnail","6":"product_cat-ciltbakimurunleri","8":"first","9":"instock","10":"sale","11":"shipping-taxable","12":"purchasable","13":"product-type-simple"},"_links":{"self":[{"href":"http:\/\/fortem.com.tr\/index.php\/wp-json\/wp\/v2\/product\/343","targetHints":{"allow":["GET"]}}],"collection":[{"href":"http:\/\/fortem.com.tr\/index.php\/wp-json\/wp\/v2\/product"}],"about":[{"href":"http:\/\/fortem.com.tr\/index.php\/wp-json\/wp\/v2\/types\/product"}],"version-history":[{"count":1,"href":"http:\/\/fortem.com.tr\/index.php\/wp-json\/wp\/v2\/product\/343\/revisions"}],"predecessor-version":[{"id":345,"href":"http:\/\/fortem.com.tr\/index.php\/wp-json\/wp\/v2\/product\/343\/revisions\/345"}],"wp:featuredmedia":[{"embeddable":true,"href":"http:\/\/fortem.com.tr\/index.php\/wp-json\/wp\/v2\/media\/344"}],"wp:attachment":[{"href":"http:\/\/fortem.com.tr\/index.php\/wp-json\/wp\/v2\/media?parent=343"}],"wp:term":[{"taxonomy":"product_brand","embeddable":true,"href":"http:\/\/fortem.com.tr\/index.php\/wp-json\/wp\/v2\/product_brand?post=343"},{"taxonomy":"product_cat","embeddable":true,"href":"http:\/\/fortem.com.tr\/index.php\/wp-json\/wp\/v2\/product_cat?post=343"},{"taxonomy":"product_tag","embeddable":true,"href":"http:\/\/fortem.com.tr\/index.php\/wp-json\/wp\/v2\/product_tag?post=343"}],"curies":[{"name":"wp","href":"https:\/\/api.w.org\/{rel}","templated":true}]}}