{"id":296,"date":"2024-05-25T10:16:50","date_gmt":"2024-05-25T10:16:50","guid":{"rendered":"http:\/\/fortem.com.tr\/?post_type=product&#038;p=296"},"modified":"2026-05-07T10:57:58","modified_gmt":"2026-05-07T10:57:58","slug":"fortem-chromium-picolinate-takviye-edici-gida","status":"publish","type":"product","link":"http:\/\/fortem.com.tr\/index.php\/urun\/fortem-chromium-picolinate-takviye-edici-gida\/","title":{"rendered":"Fortem Chromium Picolinate Takviye Edici G\u0131da"},"content":{"rendered":"<p style=\"font-weight: 400;\" data-tab-index=\"1\">\u00dcr\u00fcn Bilgisi<\/p>\n<p>\u0130ns\u00fclin direncini dengede tutmaya\u00a0ve doygunluk hissine ula\u015fman\u0131zda yard\u0131mc\u0131, diyetisyen form\u00fcll\u00fc destek.<b><\/b><\/p>\n<p>\u0130\u00e7indekiler<\/p>\n<ul>\n<li>Chromium Picolinate<\/li>\n<li>Garcinia Cambogia<\/li>\n<li>Gymnema Silvestre<\/li>\n<\/ul>\n<p><b><strong>Tavsiye Edilen Kullan\u0131m<\/strong><\/b><\/p>\n<p>11 ya\u015f ve \u00fczeri yeti\u015fkinler i\u00e7in g\u00fcnde 3 tablet t\u00fcketilmesi Tavsiye edilmektedir.<\/p>\n<p>90 tablet (750 mg x 90)<\/p>\n<p>Takviye Edici G\u0131da Onay No: 006499-08.10.2019<\/p>\n<p>\u00dcr\u00fcnlerimiz ila\u00e7 de\u011fil; bitkisel takviye niteli\u011findedir.<\/p>\n","protected":false},"excerpt":{"rendered":"<p>\u00dcr\u00fcn Bilgisi \u0130ns\u00fclin direncini dengede tutmaya\u00a0ve doygunluk hissine ula\u015fman\u0131zda yard\u0131mc\u0131, diyetisyen form\u00fcll\u00fc destek. \u0130\u00e7indekiler Chromium Picolinate Garcinia Cambogia Gymnema Silvestre Tavsiye Edilen Kullan\u0131m 11 ya\u015f ve<span class=\"excerpt-hellip\"> [\u2026]<\/span><\/p>\n","protected":false},"featured_media":448,"template":"","meta":[],"product_brand":[],"product_cat":[75],"product_tag":[],"class_list":{"0":"post-296","1":"product","2":"type-product","3":"status-publish","4":"has-post-thumbnail","6":"product_cat-gidatakviyeleri","8":"first","9":"instock","10":"sale","11":"shipping-taxable","12":"purchasable","13":"product-type-simple"},"_links":{"self":[{"href":"http:\/\/fortem.com.tr\/index.php\/wp-json\/wp\/v2\/product\/296","targetHints":{"allow":["GET"]}}],"collection":[{"href":"http:\/\/fortem.com.tr\/index.php\/wp-json\/wp\/v2\/product"}],"about":[{"href":"http:\/\/fortem.com.tr\/index.php\/wp-json\/wp\/v2\/types\/product"}],"version-history":[{"count":2,"href":"http:\/\/fortem.com.tr\/index.php\/wp-json\/wp\/v2\/product\/296\/revisions"}],"predecessor-version":[{"id":449,"href":"http:\/\/fortem.com.tr\/index.php\/wp-json\/wp\/v2\/product\/296\/revisions\/449"}],"wp:featuredmedia":[{"embeddable":true,"href":"http:\/\/fortem.com.tr\/index.php\/wp-json\/wp\/v2\/media\/448"}],"wp:attachment":[{"href":"http:\/\/fortem.com.tr\/index.php\/wp-json\/wp\/v2\/media?parent=296"}],"wp:term":[{"taxonomy":"product_brand","embeddable":true,"href":"http:\/\/fortem.com.tr\/index.php\/wp-json\/wp\/v2\/product_brand?post=296"},{"taxonomy":"product_cat","embeddable":true,"href":"http:\/\/fortem.com.tr\/index.php\/wp-json\/wp\/v2\/product_cat?post=296"},{"taxonomy":"product_tag","embeddable":true,"href":"http:\/\/fortem.com.tr\/index.php\/wp-json\/wp\/v2\/product_tag?post=296"}],"curies":[{"name":"wp","href":"https:\/\/api.w.org\/{rel}","templated":true}]}}