{"id":290,"date":"2024-05-25T10:13:29","date_gmt":"2024-05-25T10:13:29","guid":{"rendered":"http:\/\/fortem.com.tr\/?post_type=product&#038;p=290"},"modified":"2026-01-12T11:36:05","modified_gmt":"2026-01-12T11:36:05","slug":"biotin-ve-cinko-iceren-takviye-edici-gida","status":"publish","type":"product","link":"http:\/\/fortem.com.tr\/index.php\/urun\/biotin-ve-cinko-iceren-takviye-edici-gida\/","title":{"rendered":"Biotin ve \u00c7inko \u0130\u00e7eren Takviye Edici G\u0131da"},"content":{"rendered":"<p style=\"font-weight: 400;\" data-tab-index=\"1\">\u00dcr\u00fcn Bilgisi<\/p>\n<p>Keratin, biotin ve \u00e7inko bir arada;\u00a0\u2642<\/p>\n<p>10 bile\u015fenli zengin i\u00e7eri\u011fi ile sa\u00e7 k\u00f6klerindeki dola\u015f\u0131m\u0131 d\u00fczenlemeye yard\u0131mc\u0131 olurken, vitamin deste\u011fi sunar.<b><\/b><\/p>\n<p>\u0130\u00e7indekiler<\/p>\n<ul>\n<li>Saw Palmetto,<\/li>\n<li>Ginko Biloba<\/li>\n<li>Taurin,<\/li>\n<li>K\u0131rkkilit Otu Ekstresi<\/li>\n<li>B5 Vitamini<\/li>\n<li>Soya \u0130zoflavonlar\u0131<\/li>\n<li>Keratin<\/li>\n<li>\u00c7inko<\/li>\n<li>Biotin<\/li>\n<li>Folik asit<\/li>\n<\/ul>\n<p><b><strong><br \/>\nT<\/strong><\/b><b><strong>avsiye Edilen Kullan\u0131m<\/strong><\/b><\/p>\n<p>11 ya\u015f ve \u00fczeri erkek yeti\u015fkinler i\u00e7in g\u00fcnde 2 tablet t\u00fcketilmesi Tavsiye edilmektedir.<\/p>\n<p>Net Miktar 60 tablet (750 mg x60)<\/p>\n<p>Takviye Edici G\u0131da Onay No: 002347-16.03.2017<\/p>\n<p>\u00dcr\u00fcnlerimiz ila\u00e7 de\u011fil; bitkisel takviye niteli\u011findedir.<\/p>\n<p>&nbsp;<\/p>\n","protected":false},"excerpt":{"rendered":"<p>\u00dcr\u00fcn Bilgisi Keratin, biotin ve \u00e7inko bir arada;\u00a0\u2642 10 bile\u015fenli zengin i\u00e7eri\u011fi ile sa\u00e7 k\u00f6klerindeki dola\u015f\u0131m\u0131 d\u00fczenlemeye yard\u0131mc\u0131 olurken, vitamin deste\u011fi sunar. \u0130\u00e7indekiler Saw Palmetto, Ginko<span class=\"excerpt-hellip\"> [\u2026]<\/span><\/p>\n","protected":false},"featured_media":563,"template":"","meta":[],"product_brand":[],"product_cat":[75],"product_tag":[],"class_list":{"0":"post-290","1":"product","2":"type-product","3":"status-publish","4":"has-post-thumbnail","6":"product_cat-gidatakviyeleri","8":"first","9":"instock","10":"sale","11":"shipping-taxable","12":"purchasable","13":"product-type-simple"},"_links":{"self":[{"href":"http:\/\/fortem.com.tr\/index.php\/wp-json\/wp\/v2\/product\/290","targetHints":{"allow":["GET"]}}],"collection":[{"href":"http:\/\/fortem.com.tr\/index.php\/wp-json\/wp\/v2\/product"}],"about":[{"href":"http:\/\/fortem.com.tr\/index.php\/wp-json\/wp\/v2\/types\/product"}],"version-history":[{"count":2,"href":"http:\/\/fortem.com.tr\/index.php\/wp-json\/wp\/v2\/product\/290\/revisions"}],"predecessor-version":[{"id":565,"href":"http:\/\/fortem.com.tr\/index.php\/wp-json\/wp\/v2\/product\/290\/revisions\/565"}],"wp:featuredmedia":[{"embeddable":true,"href":"http:\/\/fortem.com.tr\/index.php\/wp-json\/wp\/v2\/media\/563"}],"wp:attachment":[{"href":"http:\/\/fortem.com.tr\/index.php\/wp-json\/wp\/v2\/media?parent=290"}],"wp:term":[{"taxonomy":"product_brand","embeddable":true,"href":"http:\/\/fortem.com.tr\/index.php\/wp-json\/wp\/v2\/product_brand?post=290"},{"taxonomy":"product_cat","embeddable":true,"href":"http:\/\/fortem.com.tr\/index.php\/wp-json\/wp\/v2\/product_cat?post=290"},{"taxonomy":"product_tag","embeddable":true,"href":"http:\/\/fortem.com.tr\/index.php\/wp-json\/wp\/v2\/product_tag?post=290"}],"curies":[{"name":"wp","href":"https:\/\/api.w.org\/{rel}","templated":true}]}}