{"id":284,"date":"2024-05-25T10:04:32","date_gmt":"2024-05-25T10:04:32","guid":{"rendered":"http:\/\/fortem.com.tr\/?post_type=product&#038;p=284"},"modified":"2026-01-12T11:36:53","modified_gmt":"2026-01-12T11:36:53","slug":"shark-cartilage-plus-massage-cream","status":"publish","type":"product","link":"http:\/\/fortem.com.tr\/index.php\/urun\/shark-cartilage-plus-massage-cream\/","title":{"rendered":"Shark Cartilage Plus Massage Cream"},"content":{"rendered":"<p style=\"font-weight: 400;\" data-tab-index=\"1\">\u00dcr\u00fcn Bilgisi<\/p>\n<p><b><strong>13 Etkin fakt\u00f6rl\u00fc zengin i\u00e7erik,<\/strong><\/b><\/p>\n<p>&nbsp;<\/p>\n<p>\u00d6zg\u00fcn i\u00e7eri\u011fi ile rahatlatan, kolay emilimi ve ferah kokusu ile yorgunluklar\u0131n\u0131za ve eklemlerinize do\u011fal ve kaliteli destek. Birinci s\u0131n\u0131f bitki \u00f6zlerinden (exstraktan) ve\u00a0\u00a0saf\u00a0\u00a0bitki ya\u011flar\u0131ndan olu\u015fan do\u011fal ho\u015f kokulu bir kremdir.<\/p>\n<p>&nbsp;<\/p>\n<p><b><strong>\u0130\u00e7indekiler<\/strong><\/b><\/p>\n<p>K\u00f6pek Bal\u0131\u011f\u0131 K\u0131k\u0131rda\u011f\u0131, Ak G\u00fcnl\u00fck Ekstrakt, Tip II Kollajen, K\u0131rkkilit Ekstrakt, Glucosamine, Chondroitin, Msm, Kantaron Ya\u011f\u0131, Kafur Ya\u011f\u0131, Biberiye Ya\u011f\u0131, Portakal kabu\u011fu Ya\u011f\u0131, Lavanta Ya\u011f\u0131, Karanfil Ya\u011f\u0131, Okaliptus Ya\u011f\u0131, Nane Ya\u011f\u0131 Zencefil Ya\u011f\u0131, Rezene Ya\u011f\u0131, Ard\u0131\u00e7 Ya\u011f\u0131, Kapsikum<\/p>\n<p><b><strong>\u00a0<\/strong><\/b><\/p>\n<p><b><strong>Tavsiye Edilen Kullan\u0131m<\/strong><\/b><\/p>\n<p>\u0130stenilen b\u00f6lgelere sabah ak\u015fam 5 dakika s\u00fcreyle masaj yap\u0131n\u0131z.<\/p>\n<p>100 ML<\/p>\n","protected":false},"excerpt":{"rendered":"<p>\u00dcr\u00fcn Bilgisi 13 Etkin fakt\u00f6rl\u00fc zengin i\u00e7erik, &nbsp; \u00d6zg\u00fcn i\u00e7eri\u011fi ile rahatlatan, kolay emilimi ve ferah kokusu ile yorgunluklar\u0131n\u0131za ve eklemlerinize do\u011fal ve kaliteli destek. Birinci<span class=\"excerpt-hellip\"> [\u2026]<\/span><\/p>\n","protected":false},"featured_media":285,"template":"","meta":[],"product_brand":[],"product_cat":[74],"product_tag":[],"class_list":{"0":"post-284","1":"product","2":"type-product","3":"status-publish","4":"has-post-thumbnail","6":"product_cat-masajkremi","8":"first","9":"instock","10":"sale","11":"shipping-taxable","12":"purchasable","13":"product-type-simple"},"_links":{"self":[{"href":"http:\/\/fortem.com.tr\/index.php\/wp-json\/wp\/v2\/product\/284","targetHints":{"allow":["GET"]}}],"collection":[{"href":"http:\/\/fortem.com.tr\/index.php\/wp-json\/wp\/v2\/product"}],"about":[{"href":"http:\/\/fortem.com.tr\/index.php\/wp-json\/wp\/v2\/types\/product"}],"version-history":[{"count":1,"href":"http:\/\/fortem.com.tr\/index.php\/wp-json\/wp\/v2\/product\/284\/revisions"}],"predecessor-version":[{"id":286,"href":"http:\/\/fortem.com.tr\/index.php\/wp-json\/wp\/v2\/product\/284\/revisions\/286"}],"wp:featuredmedia":[{"embeddable":true,"href":"http:\/\/fortem.com.tr\/index.php\/wp-json\/wp\/v2\/media\/285"}],"wp:attachment":[{"href":"http:\/\/fortem.com.tr\/index.php\/wp-json\/wp\/v2\/media?parent=284"}],"wp:term":[{"taxonomy":"product_brand","embeddable":true,"href":"http:\/\/fortem.com.tr\/index.php\/wp-json\/wp\/v2\/product_brand?post=284"},{"taxonomy":"product_cat","embeddable":true,"href":"http:\/\/fortem.com.tr\/index.php\/wp-json\/wp\/v2\/product_cat?post=284"},{"taxonomy":"product_tag","embeddable":true,"href":"http:\/\/fortem.com.tr\/index.php\/wp-json\/wp\/v2\/product_tag?post=284"}],"curies":[{"name":"wp","href":"https:\/\/api.w.org\/{rel}","templated":true}]}}