{"id":281,"date":"2024-05-25T10:01:13","date_gmt":"2024-05-25T10:01:13","guid":{"rendered":"http:\/\/fortem.com.tr\/?post_type=product&#038;p=281"},"modified":"2026-01-12T11:37:14","modified_gmt":"2026-01-12T11:37:14","slug":"antik-mineral-saf-magnezyum-masaj-yagi-100ml","status":"publish","type":"product","link":"http:\/\/fortem.com.tr\/index.php\/urun\/antik-mineral-saf-magnezyum-masaj-yagi-100ml\/","title":{"rendered":"Antik Mineral Saf Magnezyum Masaj Ya\u011f\u0131 (100ml)"},"content":{"rendered":"<div class=\" active\" data-tab-index=\"1\"><a>\u00dcr\u00fcn Bilgisi<\/a><\/div>\n<div class=\"active\" data-tab-content=\"1\">\n<div class=\"product-detail\">\n<p>Do\u011fu T\u0131bb\u0131nda s\u0131k s\u0131k \u201cG\u00fczel Mineral\u201d olarak sayg\u0131 g\u00f6ren Magnezyum insan\u0131n yap\u0131s\u0131 i\u00e7in su ve hava kadar temel bir maddedir. Antik Mineral Magnezyum ya\u011f\u0131 do\u011fal olarak olu\u015fmu\u015f Magnezyum Klorit\u2019in konsantre olmu\u015f saf bi\u00e7imidir ve cilt y\u00fczeyinde kullan\u0131l\u0131r.<\/p>\n<p>Antik Mineral, yery\u00fcz\u00fc kabu\u011funun neredeyse 2 bin metre kadar derinli\u011finden, elde edilmektedir.\u00a0 Kuzey Avrupa\u2019da bulunan ve Ge\u00e7 Permiyen D\u00f6neminden kalan bir jeolojik olu\u015fumdur. Eski Zechstein Deniz yata\u011f\u0131ndan \u00e7ekilmektedir\u00a0 , Hakiki Zechstein\u2122 Magnezyumu d\u00fcnyadaki do\u011fal Magneazyum tuzlar\u0131n\u0131n en saf ve en bozulmam\u0131\u015f kayna\u011f\u0131d\u0131r.<\/p>\n<p>Antik Mineral Magnezyum Ya\u011f\u0131, Kuzey Avrupa\u2019da bulunan Eski Zechstein Deniz yata\u011f\u0131ndan elde edilen, sadece ham, y\u00fcksek derecede yo\u011funla\u015ft\u0131r\u0131lm\u0131\u015f, ultra saf Magnezyum Klorit ve di\u011fer eser miktarda mineralleri i\u00e7ermektedir. Antik Mineral Magnezyum Ya\u011f\u0131, uygulay\u0131c\u0131 hekimler taraf\u0131ndan h\u00fccresel Magnezyum d\u00fczeyini h\u0131zl\u0131 bir \u015fekilde geri kazand\u0131rmas\u0131, cilt ve alt\u0131ndaki dokular taraf\u0131ndan kolayca emilmesi a\u00e7\u0131s\u0131ndan alt\u0131n standart olarak kabul edilmektedir.<\/p>\n<p>Neden cilt y\u00fczeyin de? \u00c7\u00fcnk\u00fc cilt ya\u015fayan, nefes alan bir organd\u0131r ve zehirlerin at\u0131lmas\u0131 i\u00e7in en etkili organ olarak kalmay\u0131p, bedenin yeniden minerallere kavu\u015fturulmas\u0131 i\u00e7in muazzam potansiyele sahiptir. Bu nedenle, insan v\u00fccudunun en iyi fonksiyona sahip organ\u0131na d\u00fcnyada elde edilebilen en ya\u015fam verici minerallerden birini emmesi i\u00e7in kullan\u0131rsan\u0131z ne olur dersiniz? Sa\u011fl\u0131kl\u0131 ve enerjik bir ya\u015fama do\u011fru \u00f6nemli bir ad\u0131m atm\u0131\u015f olursunuz.<\/p>\n<p>Bir \u00e7ay ka\u015f\u0131\u011f\u0131nda takriben 560 mg\u00a0 Magnezyum bulunmaktad\u0131r D\u00fcnyan\u0131n 1 numaral\u0131 en \u00e7ok \u00f6nerilen Magnezyum ya\u011f\u0131 Antik mineraldir.<\/p>\n<p>Cilt taraf\u0131ndan h\u0131zla emilir.<br \/>\nSprey \u015feklinde uygulama ile kolay kullan\u0131m.<br \/>\nH\u00fccresel Magnezyum d\u00fczeylerinin geri kazand\u0131r\u0131lmas\u0131nda en etkili y\u00f6ntem.<br \/>\nKokusuz ve leke yapmaz Ultra-saf ve y\u00fcksek yo\u011funlukta.<\/p>\n<p>Magnezyum, kalsiyum, \u00e7inko, fosfor gibi 29 farkl\u0131 zengin mineral ile kemik, kas ve sinir sistemi i\u00e7in size destek olur.<\/p>\n<p>Kullan\u0131m\u0131: En iyi sonucu elde edebilmek i\u00e7in, istenilen b\u00f6lgeye g\u00fcnde iki (2) kez masaj yaparak s\u00fcr\u00fcn. Cildiniz hassas ise, 1\/1 oran\u0131nda su ile yo\u011funlu\u011fu azalt\u0131n ve kullan\u0131n. Arzulad\u0131\u011f\u0131n\u0131z kadar v\u00fccutta kalabilir.Uygulamadan 20 dakika sonra da, silebilir veya y\u0131kayabilirsiniz. 20 dakikada, emilim tamamlanm\u0131\u015f olur.<\/p>\n<\/div>\n<\/div>\n","protected":false},"excerpt":{"rendered":"<p>\u00dcr\u00fcn Bilgisi Do\u011fu T\u0131bb\u0131nda s\u0131k s\u0131k \u201cG\u00fczel Mineral\u201d olarak sayg\u0131 g\u00f6ren Magnezyum insan\u0131n yap\u0131s\u0131 i\u00e7in su ve hava kadar temel bir maddedir. Antik Mineral Magnezyum ya\u011f\u0131<span class=\"excerpt-hellip\"> [\u2026]<\/span><\/p>\n","protected":false},"featured_media":282,"template":"","meta":[],"product_brand":[],"product_cat":[73],"product_tag":[],"class_list":{"0":"post-281","1":"product","2":"type-product","3":"status-publish","4":"has-post-thumbnail","6":"product_cat-antikmineral","8":"first","9":"instock","10":"sale","11":"shipping-taxable","12":"purchasable","13":"product-type-simple"},"_links":{"self":[{"href":"http:\/\/fortem.com.tr\/index.php\/wp-json\/wp\/v2\/product\/281","targetHints":{"allow":["GET"]}}],"collection":[{"href":"http:\/\/fortem.com.tr\/index.php\/wp-json\/wp\/v2\/product"}],"about":[{"href":"http:\/\/fortem.com.tr\/index.php\/wp-json\/wp\/v2\/types\/product"}],"version-history":[{"count":2,"href":"http:\/\/fortem.com.tr\/index.php\/wp-json\/wp\/v2\/product\/281\/revisions"}],"predecessor-version":[{"id":383,"href":"http:\/\/fortem.com.tr\/index.php\/wp-json\/wp\/v2\/product\/281\/revisions\/383"}],"wp:featuredmedia":[{"embeddable":true,"href":"http:\/\/fortem.com.tr\/index.php\/wp-json\/wp\/v2\/media\/282"}],"wp:attachment":[{"href":"http:\/\/fortem.com.tr\/index.php\/wp-json\/wp\/v2\/media?parent=281"}],"wp:term":[{"taxonomy":"product_brand","embeddable":true,"href":"http:\/\/fortem.com.tr\/index.php\/wp-json\/wp\/v2\/product_brand?post=281"},{"taxonomy":"product_cat","embeddable":true,"href":"http:\/\/fortem.com.tr\/index.php\/wp-json\/wp\/v2\/product_cat?post=281"},{"taxonomy":"product_tag","embeddable":true,"href":"http:\/\/fortem.com.tr\/index.php\/wp-json\/wp\/v2\/product_tag?post=281"}],"curies":[{"name":"wp","href":"https:\/\/api.w.org\/{rel}","templated":true}]}}